{"id":3,"date":"2023-12-27T18:18:13","date_gmt":"2023-12-27T18:18:13","guid":{"rendered":"https:\/\/thedigitalsearchers.com\/?page_id=3"},"modified":"2024-01-19T10:49:09","modified_gmt":"2024-01-19T10:49:09","slug":"politica-privacidad","status":"publish","type":"page","link":"https:\/\/thedigitalsearchers.com\/es\/politica-privacidad\/","title":{"rendered":"Politica privacidad"},"content":{"rendered":"\n\t<section class=\"section\" id=\"section_294220145\">\n\t\t<div class=\"bg section-bg fill bg-fill  bg-loaded\" >\n\n\t\t\t\n\t\t\t\n\t\t\t\n\n\t\t<\/div>\n\n\t\t\n\n\t\t<div class=\"section-content relative\">\n\t\t\t\n\n\t<div id=\"text-3439532148\" class=\"text\">\n\t\t\n\n<h1>POL\u00cdTICA DE PRIVACIDAD<\/h1>\n\t\t\n<style>\n#text-3439532148 {\n  color: rgb(0,0,0);\n}\n#text-3439532148 > * {\n  color: rgb(0,0,0);\n}\n<\/style>\n\t<\/div>\n\t\n\t<div id=\"text-2661802738\" class=\"text\">\n\t\t\n\n<h2>\u00bfQui\u00e9n es el responsable del tratamiento de sus datos?<\/h2>\n\t\t\n<style>\n#text-2661802738 {\n  color: rgb(0,0,0);\n}\n#text-2661802738 > * {\n  color: rgb(0,0,0);\n}\n<\/style>\n\t<\/div>\n\t\n<p>Cristina Call\u00fas Busquets con NIF 40361206R y domicilio a efectos de notificaciones en C. Aribau 27 08011 Barcelona<br \/>\nPuede contactar a trav\u00e9s del correo electr\u00f3nico info@thedigitalsearchers.com.<\/p>\n\n\t<div id=\"text-698680405\" class=\"text\">\n\t\t\n\n<h2>\u00bfCon qu\u00e9 finalidad recogemos sus datos y base jur\u00eddica parar tratar sus datos?<\/h2>\n\t\t\n<style>\n#text-698680405 {\n  color: rgb(0,0,0);\n}\n#text-698680405 > * {\n  color: rgb(0,0,0);\n}\n<\/style>\n\t<\/div>\n\t\n<p>DATOS PERSONALES DE CLIENTES<\/p>\n<div class=\"row\"  id=\"row-70414460\">\n\n\n\t<div id=\"col-393820306\" class=\"col medium-11 small-12 large-11\"  >\n\t\t\t\t<div class=\"col-inner\"  >\n\t\t\t\n\t\t\t\n\n<table width=\"750\">\n<tbody>\n<tr>\n<td>\n<p>FINALIDAD<\/p>\n<\/td>\n<td>\n<p>BASE JUR\u00cdDICA<\/p>\n<\/td>\n<\/tr>\n<tr>\n<td>\n<p>Presupuestar los servicios solicitados<\/p>\n<\/td>\n<td>\n<p>Es la ejecuci\u00f3n de medidas precontractuales a petici\u00f3n del interesado (presupuestos)<\/p>\n<\/td>\n<\/tr>\n<tr>\n<td>\n<p>Prestaci\u00f3n de los servicios solicitados<\/p>\n<\/td>\n<td>\n<p>Es la ejecuci\u00f3n de un contrato<\/p>\n<\/td>\n<\/tr>\n<tr>\n<td>\n<p>Gesti\u00f3n interna cliente-empresa<\/p>\n<\/td>\n<td>\n<p>Es la obligaci\u00f3n legal de CRISTINA CALL\u00daS BUSQUETS de cumplir con sus obligaciones fiscales y tributarias<\/p>\n<\/td>\n<\/tr>\n<tr>\n<td>\n<p>Gesti\u00f3n administrativa de nuestra empresa<\/p>\n<\/td>\n<td>\n<p>Es la ejecuci\u00f3n de un contrato<\/p>\n<\/td>\n<\/tr>\n<tr>\n<td>\n<p>Facturaci\u00f3n de los servicios solicitados, en su caso<\/p>\n<\/td>\n<td>\n<p>Es la obligaci\u00f3n legal de CRISTINA CALL\u00daS BUSQUETS de cumplir con sus obligaciones fiscales y tributarias<\/p>\n<\/td>\n<\/tr>\n<tr>\n<td>\n<p>Env\u00edo de informaci\u00f3n comercial<\/p>\n<\/td>\n<td>\n<p>Es el inter\u00e9s leg\u00edtimo de nuestra empresa (art. 21.2 de la Ley de Servicios de la Sociedad de la Informaci\u00f3n y Comercio Electr\u00f3nico)<\/p>\n<\/td>\n<\/tr>\n<\/tbody>\n<\/table>\n\n\t\t<\/div>\n\t\t\t\t\t<\/div>\n\n\t\n\n\t<div id=\"col-313749726\" class=\"col medium-11 small-12 large-11\"  >\n\t\t\t\t<div class=\"col-inner\"  >\n\t\t\t\n\t\t\t\n\n<p>DATOS PERSONALES DE PROVEEDORES<\/p>\n<table width=\"750\">\n<tbody>\n<tr>\n<td>\n<p>FINALIDAD<\/p>\n<\/td>\n<td>\n<p>BASE JUR\u00cdDICA<\/p>\n<\/td>\n<\/tr>\n<tr>\n<td>\n<p>Gesti\u00f3n del servicio prestado y\/o del aprovisionamiento de productos<\/p>\n<\/td>\n<td>\n<p>Es la ejecuci\u00f3n de un contrato<\/p>\n<\/td>\n<\/tr>\n<tr>\n<td>\n<p>Gesti\u00f3n interna proveedor-empresa<\/p>\n<\/td>\n<td>\n<p>Es la obligaci\u00f3n legal de CRISTINA CALL\u00daS BUSQUETSde cumplir con sus obligaciones fiscales y tributarias<\/p>\n<\/td>\n<\/tr>\n<tr>\n<td>\n<p>Gesti\u00f3n administrativa de nuestra empresa<\/p>\n<\/td>\n<td>\n<p>Es la ejecuci\u00f3n de un contrato<\/p>\n<\/td>\n<\/tr>\n<tr>\n<td>\n<p>Pago de los servicios prestados, en su caso<\/p>\n<\/td>\n<td>\n<p>Es la obligaci\u00f3n legal de CRISTINA CALL\u00daS BUSQUETSde cumplir con sus obligaciones fiscales y tributarias<\/p>\n<\/td>\n<\/tr>\n<\/tbody>\n<\/table>\n\n\t\t<\/div>\n\t\t\t\t\t<\/div>\n\n\t\n\n<\/div>\n<p>DATOS PERSONALES RECOGIDOS EN NUESTRA P\u00c1GINA WEB<br \/>\nAdem\u00e1s, en esta p\u00e1gina web se recogen datos de car\u00e1cter personal a trav\u00e9s de diferentes formularios. Los datos solicitados en cada formulario son los necesarios para la finalidad por la cual se recogen. La finalidad de tratamiento son los siguientes:<\/p>\n<p>FORMULARIO DE CONTACTO:<br \/>\nLa finalidad de recogida de datos en este formulario es poder contestar las consultas planteadas y enviar al usuario la informaci\u00f3n solicitada a trav\u00e9s del correo electr\u00f3nico o tel\u00e9fono indicados en el formulario.<\/p>\n<p>CORREO ELECTRONICO:<br \/>\nSi el usuario se pone en contacto a trav\u00e9s del correo electr\u00f3nico publicado en esta p\u00e1gina web, sus datos ser\u00e1n tratados para contestar las consultas planteadas y poderle enviar la informaci\u00f3n solicitada a trav\u00e9s del correo electr\u00f3nico a trav\u00e9s del cual se recibe la consulta.<\/p>\n\t<div id=\"text-2910256554\" class=\"text\">\n\t\t\n\n<h2>\u00bfQu\u00e9 categor\u00eda de datos tratamos?<\/h2>\n\t\t\n<style>\n#text-2910256554 {\n  color: rgb(0,0,0);\n}\n#text-2910256554 > * {\n  color: rgb(0,0,0);\n}\n<\/style>\n\t<\/div>\n\t\n<p>Los datos que se recaban, de forma enunciativa que no limitativa, se refieren a la categor\u00eda de datos identificativos, como pueden ser: Nombre y apellidos, Tel\u00e9fono, Direcci\u00f3n Postal, Empresa y Correo Electr\u00f3nico.<\/p>\n\t<div id=\"text-47382129\" class=\"text\">\n\t\t\n\n<h2>\u00bfCu\u00e1nto tiempo conservamos sus datos?<\/h2>\n\t\t\n<style>\n#text-47382129 {\n  color: rgb(0,0,0);\n}\n#text-47382129 > * {\n  color: rgb(0,0,0);\n}\n<\/style>\n\t<\/div>\n\t\n<p>DATOS PERSONALES DE CLIENTES Y PROVEEDORES<br \/>\nLos datos personales facilitados ser\u00e1n conservados mientras se mantenga la relaci\u00f3n comercial o el usuario solicite su supresi\u00f3n. Finalizada la relaci\u00f3n comercial los datos ser\u00e1n conservados mientras sea necesario para dar cumplimiento a las obligaciones legales. Una vez prescritas las responsabilidades derivadas de dichas obligaciones legales sus datos ser\u00e1n suprimidos.<br \/>\nLos datos personales necesarios para el env\u00edo de comunicaciones comerciales, en caso de que los haya autorizado, ser\u00e1n conservados siempre que no solicite su supresi\u00f3n.\n<\/p>\n<p>DATOS PERSONALES FORMULARIOS P\u00c1GINA WEB<\/br> Los datos recogidos a trav\u00e9s del formulario de nuestra p\u00e1gina web ser\u00e1n conservados mientras sean necesarios para dar cumplimiento a la finalidad por la cual fueron recogidos.<\/p>\n\t<div id=\"text-1964519555\" class=\"text\">\n\t\t\n\n<h2>\u00bfA qui\u00e9n cedemos sus datos?<\/h2>\n\t\t\n<style>\n#text-1964519555 {\n  color: rgb(0,0,0);\n}\n#text-1964519555 > * {\n  color: rgb(0,0,0);\n}\n<\/style>\n\t<\/div>\n\t\n<p>No se prev\u00e9n cesiones de datos a excepci\u00f3n de las autorizadas por la legislaci\u00f3n fiscal, mercantil y de telecomunicaciones, as\u00ed como en aquellos casos en los que una autoridad judicial nos lo requiera.<\/p>\n\t<div id=\"text-1249295654\" class=\"text\">\n\t\t\n\n<h2>\u00bfQu\u00e9 terceros prestan servicios en esta web?<\/h2>\n\t\t\n<style>\n#text-1249295654 {\n  color: rgb(0,0,0);\n}\n#text-1249295654 > * {\n  color: rgb(0,0,0);\n}\n<\/style>\n\t<\/div>\n\t\n<p>Para el desarrollo de esta p\u00e1gina web se utilizan los siguientes proveedores de servicios:<\/p>\n<p>Hosting: Los servidores donde est\u00e1 alojada nuestra p\u00e1gina web est\u00e1n ubicados en la UE. Utiliza protocolos seguros con lo que la comunicaci\u00f3n de datos se hace a trav\u00e9s de canal cifrado.<\/p>\n\t<div id=\"text-2926672363\" class=\"text\">\n\t\t\n\n<h2>\u00bfQu\u00e9 derechos tiene y como ejercerlos?<\/p>\n\t\t\n<style>\n#text-2926672363 {\n  color: rgb(0,0,0);\n}\n#text-2926672363 > * {\n  color: rgb(0,0,0);\n}\n<\/style>\n\t<\/div>\n\t\n<p>El usuario tiene derecho a acceder a sus datos personales, a solicitar la rectificaci\u00f3n de los que sean inexactos, as\u00ed como a su supresi\u00f3n cuando, entre otros motivos, ya no sean necesarios para los fines que fueron recogidos. En determinadas circunstancias, tambi\u00e9n podr\u00e1 solicitar la limitaci\u00f3n de su tratamiento, en cuyo caso \u00fanicamente se conservar\u00e1n para el ejercicio o la defensa de reclamaciones, as\u00ed como pedir la portabilidad de sus datos. Por motivos relacionados con su situaci\u00f3n particular, podr\u00e1 oponerse al tratamiento de los mismos y CRISTINA CALL\u00daS BUSQUETS dejar\u00e1 de tratarlos, salvo por motivos leg\u00edtimos imperiosos, o el ejercicio o la defensa de posibles reclamaciones.<br \/>\nEl solicitante podr\u00e1 revocar los consentimientos prestados en cualquier momento. El solicitante podr\u00e1 ejercer sus derechos a trav\u00e9s del correo electr\u00f3nico cristina@digitalsearchers.com adjuntando fotocopia del DNI e indicando el derecho que ejercita. Ud. tambi\u00e9n podr\u00e1 presentar una reclamaci\u00f3n ante la Agencia Espa\u00f1ola de Protecci\u00f3n de Datos.<\/p>\n\t<div id=\"text-4204899867\" class=\"text\">\n\t\t\n\n<h2>\u00bfQu\u00e9 medidas de seguridad tenemos implantadas?<\/p>\n\t\t\n<style>\n#text-4204899867 {\n  color: rgb(0,0,0);\n}\n#text-4204899867 > * {\n  color: rgb(0,0,0);\n}\n<\/style>\n\t<\/div>\n\t\n<p>Dentro de nuestro compromiso por garantizar la seguridad y confidencialidad de sus datos de car\u00e1cter personal, le informamos que se han adoptado las medidas de \u00edndole t\u00e9cnica y organizativas necesarias para garantizar la seguridad de los datos de car\u00e1cter personal y evitar su alteraci\u00f3n, p\u00e9rdida, tratamiento o acceso no autorizado, habida cuenta del estado de la tecnolog\u00eda, la naturaleza de los datos almacenados y los riesgos a que est\u00e9n expuestos, seg\u00fan el Art. 32 del RGPD EU 679\/2016.<\/p>\n<p>Nos reservamos el derecho a modificar estas normas en cualquier momento y sin previo aviso.<\/p>\n\n\t\t<\/div>\n\n\t\t\n<style>\n#section_294220145 {\n  padding-top: 30px;\n  padding-bottom: 30px;\n}\n<\/style>\n\t<\/section>\n\t\n\n","protected":false},"excerpt":{"rendered":"","protected":false},"author":1,"featured_media":0,"parent":0,"menu_order":300,"comment_status":"closed","ping_status":"closed","template":"","meta":{"footnotes":""},"class_list":["post-3","page","type-page","status-publish","hentry"],"yoast_head":"<!-- This site is optimized with the Yoast SEO plugin v27.1.1 - https:\/\/yoast.com\/product\/yoast-seo-wordpress\/ -->\n<title>Politica privacidad - The digital searchers<\/title>\n<meta name=\"robots\" content=\"noindex, nofollow\" \/>\n<meta property=\"og:locale\" content=\"es_ES\" \/>\n<meta property=\"og:type\" content=\"article\" \/>\n<meta property=\"og:title\" content=\"Politica privacidad - The digital searchers\" \/>\n<meta property=\"og:url\" content=\"https:\/\/thedigitalsearchers.com\/es\/politica-privacidad\/\" \/>\n<meta property=\"og:site_name\" content=\"The digital searchers\" \/>\n<meta property=\"article:modified_time\" content=\"2024-01-19T10:49:09+00:00\" \/>\n<meta name=\"twitter:card\" content=\"summary_large_image\" \/>\n<meta name=\"twitter:label1\" content=\"Tiempo de lectura\" \/>\n\t<meta name=\"twitter:data1\" content=\"5 minutos\" \/>\n<script type=\"application\/ld+json\" class=\"yoast-schema-graph\">{\"@context\":\"https:\/\/schema.org\",\"@graph\":[{\"@type\":\"WebPage\",\"@id\":\"https:\/\/thedigitalsearchers.com\/es\/politica-privacidad\/\",\"url\":\"https:\/\/thedigitalsearchers.com\/es\/politica-privacidad\/\",\"name\":\"Politica privacidad - The digital searchers\",\"isPartOf\":{\"@id\":\"https:\/\/thedigitalsearchers.com\/es\/#website\"},\"datePublished\":\"2023-12-27T18:18:13+00:00\",\"dateModified\":\"2024-01-19T10:49:09+00:00\",\"breadcrumb\":{\"@id\":\"https:\/\/thedigitalsearchers.com\/es\/politica-privacidad\/#breadcrumb\"},\"inLanguage\":\"es\",\"potentialAction\":[{\"@type\":\"ReadAction\",\"target\":[\"https:\/\/thedigitalsearchers.com\/es\/politica-privacidad\/\"]}]},{\"@type\":\"BreadcrumbList\",\"@id\":\"https:\/\/thedigitalsearchers.com\/es\/politica-privacidad\/#breadcrumb\",\"itemListElement\":[{\"@type\":\"ListItem\",\"position\":1,\"name\":\"Home\",\"item\":\"https:\/\/thedigitalsearchers.com\/es\/\"},{\"@type\":\"ListItem\",\"position\":2,\"name\":\"Politica privacidad\"}]},{\"@type\":\"WebSite\",\"@id\":\"https:\/\/thedigitalsearchers.com\/es\/#website\",\"url\":\"https:\/\/thedigitalsearchers.com\/es\/\",\"name\":\"The digital searchers\",\"description\":\"\",\"potentialAction\":[{\"@type\":\"SearchAction\",\"target\":{\"@type\":\"EntryPoint\",\"urlTemplate\":\"https:\/\/thedigitalsearchers.com\/es\/?s={search_term_string}\"},\"query-input\":{\"@type\":\"PropertyValueSpecification\",\"valueRequired\":true,\"valueName\":\"search_term_string\"}}],\"inLanguage\":\"es\"}]}<\/script>\n<!-- \/ Yoast SEO plugin. -->","yoast_head_json":{"title":"Politica privacidad - The digital searchers","robots":{"index":"noindex","follow":"nofollow"},"og_locale":"es_ES","og_type":"article","og_title":"Politica privacidad - The digital searchers","og_url":"https:\/\/thedigitalsearchers.com\/es\/politica-privacidad\/","og_site_name":"The digital searchers","article_modified_time":"2024-01-19T10:49:09+00:00","twitter_card":"summary_large_image","twitter_misc":{"Tiempo de lectura":"5 minutos"},"schema":{"@context":"https:\/\/schema.org","@graph":[{"@type":"WebPage","@id":"https:\/\/thedigitalsearchers.com\/es\/politica-privacidad\/","url":"https:\/\/thedigitalsearchers.com\/es\/politica-privacidad\/","name":"Politica privacidad - The digital searchers","isPartOf":{"@id":"https:\/\/thedigitalsearchers.com\/es\/#website"},"datePublished":"2023-12-27T18:18:13+00:00","dateModified":"2024-01-19T10:49:09+00:00","breadcrumb":{"@id":"https:\/\/thedigitalsearchers.com\/es\/politica-privacidad\/#breadcrumb"},"inLanguage":"es","potentialAction":[{"@type":"ReadAction","target":["https:\/\/thedigitalsearchers.com\/es\/politica-privacidad\/"]}]},{"@type":"BreadcrumbList","@id":"https:\/\/thedigitalsearchers.com\/es\/politica-privacidad\/#breadcrumb","itemListElement":[{"@type":"ListItem","position":1,"name":"Home","item":"https:\/\/thedigitalsearchers.com\/es\/"},{"@type":"ListItem","position":2,"name":"Politica privacidad"}]},{"@type":"WebSite","@id":"https:\/\/thedigitalsearchers.com\/es\/#website","url":"https:\/\/thedigitalsearchers.com\/es\/","name":"The digital searchers","description":"","potentialAction":[{"@type":"SearchAction","target":{"@type":"EntryPoint","urlTemplate":"https:\/\/thedigitalsearchers.com\/es\/?s={search_term_string}"},"query-input":{"@type":"PropertyValueSpecification","valueRequired":true,"valueName":"search_term_string"}}],"inLanguage":"es"}]}},"_links":{"self":[{"href":"https:\/\/thedigitalsearchers.com\/es\/wp-json\/wp\/v2\/pages\/3","targetHints":{"allow":["GET"]}}],"collection":[{"href":"https:\/\/thedigitalsearchers.com\/es\/wp-json\/wp\/v2\/pages"}],"about":[{"href":"https:\/\/thedigitalsearchers.com\/es\/wp-json\/wp\/v2\/types\/page"}],"author":[{"embeddable":true,"href":"https:\/\/thedigitalsearchers.com\/es\/wp-json\/wp\/v2\/users\/1"}],"replies":[{"embeddable":true,"href":"https:\/\/thedigitalsearchers.com\/es\/wp-json\/wp\/v2\/comments?post=3"}],"version-history":[{"count":0,"href":"https:\/\/thedigitalsearchers.com\/es\/wp-json\/wp\/v2\/pages\/3\/revisions"}],"wp:attachment":[{"href":"https:\/\/thedigitalsearchers.com\/es\/wp-json\/wp\/v2\/media?parent=3"}],"curies":[{"name":"wp","href":"https:\/\/api.w.org\/{rel}","templated":true}]}}