{"id":304,"date":"2024-01-12T18:20:28","date_gmt":"2024-01-12T18:20:28","guid":{"rendered":"https:\/\/thedigitalsearchers.com\/?page_id=304"},"modified":"2024-01-19T10:49:25","modified_gmt":"2024-01-19T10:49:25","slug":"aviso-legal","status":"publish","type":"page","link":"https:\/\/thedigitalsearchers.com\/es\/aviso-legal\/","title":{"rendered":"Aviso legal"},"content":{"rendered":"\n\t<section class=\"section\" id=\"section_1507075383\">\n\t\t<div class=\"bg section-bg fill bg-fill  bg-loaded\" >\n\n\t\t\t\n\t\t\t\n\t\t\t\n\n\t\t<\/div>\n\n\t\t\n\n\t\t<div class=\"section-content relative\">\n\t\t\t\n\n\t<div id=\"text-2066497199\" class=\"text\">\n\t\t\n\n<h1>AVISO LEGAL<\/h1>\n\t\t\n<style>\n#text-2066497199 {\n  color: rgb(0,0,0);\n}\n#text-2066497199 > * {\n  color: rgb(0,0,0);\n}\n<\/style>\n\t<\/div>\n\t\n<p>En cumplimiento del art. 10 de la Ley 34\/2002, de 11 de julio, de Servicios de la Sociedad de la Informaci\u00f3n y de Comercio Electr\u00f3nico (LSSI+CE), se le informa:<\/p>\n<p>El titular de la p\u00e1gina https:\/\/thedigitalsearchers.com\/ es:<\/p>\n<p>Raz\u00f3n Social:\u00a0\u00a0 Cristina Call\u00fas Busquets<br \/>\nCIF:\u00a0 \u00a0 \u00a0 \u00a0 \u00a0 \u00a0 \u00a0 \u00a0 \u00a0 \u00a0\u00a0 40361206R<br \/>\nDomicilio:\u00a0 \u00a0 \u00a0 \u00a0 \u00a0C. Aribau 27 08011 Barcelona<br \/>\nEmail:\u00a0\u00a0\u00a0\u00a0\u00a0\u00a0\u00a0\u00a0\u00a0\u00a0\u00a0\u00a0\u00a0\u00a0\u00a0\u00a0info@thedigitalsearchers.com<\/p>\n<p>El presente Aviso Legal se encuentra redactado en idioma Castellano.<\/p>\n\n\t<div id=\"text-447338936\" class=\"text\">\n\t\t\n\n<h2>Sus datos<\/h2>\n\t\t\n<style>\n#text-447338936 {\n  color: rgb(0,0,0);\n}\n#text-447338936 > * {\n  color: rgb(0,0,0);\n}\n<\/style>\n\t<\/div>\n\t\n<p>La informaci\u00f3n o datos personales que el usuario facilite ser\u00e1n tratados con arreglo a lo establecido en las Pol\u00edticas de Protecci\u00f3n de Datos. El usuario declara que toda la informaci\u00f3n o datos que sean facilitados son veraces y se corresponden con la realidad<\/p>\n<div class=\"row\"  id=\"row-1022662821\">\n\n\n\t<div id=\"col-773865614\" class=\"col medium-11 small-12 large-11\"  >\n\t\t\t\t<div class=\"col-inner\"  >\n\t\t\t\n\t\t\t\n\n\t<div id=\"text-1807490361\" class=\"text\">\n\t\t\n\n<h2>Privacidad\/Protecci\u00f3n de datos personales<\/h2>\n\t\t\n<style>\n#text-1807490361 {\n  color: rgb(0,0,0);\n}\n#text-1807490361 > * {\n  color: rgb(0,0,0);\n}\n<\/style>\n\t<\/div>\n\t\n<p>CRISTINA CALL\u00daS BUSQUETS cumple con las directrices Reglamento General de Protecci\u00f3n de datos (Reglamento (UE) 2016\/679) y dem\u00e1s normativa vigente en cada momento, y vela por garantizar un correcto uso y tratamiento de los datos personales del usuario.<br \/>\nPara ello, junto a cada formulario de recabo de datos de car\u00e1cter personal, se har\u00e1 saber al usuario de la existencia y aceptaci\u00f3n de las condiciones particulares del tratamiento de sus datos en cada caso, inform\u00e1ndole del responsable del tratamiento realizado, la direcci\u00f3n del responsable, la posibilidad de ejercer sus derechos de acceso, rectificaci\u00f3n, supresi\u00f3n, oposici\u00f3n, limitaci\u00f3n y portabilidad, la finalidad del tratamiento y las comunicaciones de datos a terceros en su caso.<br \/>\nAsimismo, CRISTINA CALL\u00daS BUSQUETS creadora del sitio web informa que da cumplimiento a la Ley 34\/2002 de 11 de julio, de Servicios de la Sociedad de la Informaci\u00f3n y el Comercio Electr\u00f3nico y solicitar\u00e1 al usuario su consentimiento al tratamiento de su correo electr\u00f3nico con fines comerciales en cada momento.<\/p>\n\t<div id=\"text-3670772474\" class=\"text\">\n\t\t\n\n<h2>Menores de edad<\/h2>\n\t\t\n<style>\n#text-3670772474 {\n  color: rgb(0,0,0);\n}\n#text-3670772474 > * {\n  color: rgb(0,0,0);\n}\n<\/style>\n\t<\/div>\n\t\n<p>Los contenidos de la P\u00e1gina Web est\u00e1n dirigidos a personas mayores de edad. CRISTINA CALL\u00daS BUSQUETS no pretende obtener datos de personas menores de edad. Cuando CRISTINA CALL\u00daS BUSQUETS tenga conocimiento de que existen en su fichero datos de car\u00e1cter personal de un menor, proceder\u00e1 de inmediato a cancelar dichos datos.<\/p>\n\n\t\t<\/div>\n\t\t\t\t\t<\/div>\n\n\t\n\n<\/div>\n\t<div id=\"text-192921338\" class=\"text\">\n\t\t\n\n<h2>Obligaciones del usuario<\/h2>\n\t\t\n<style>\n#text-192921338 {\n  color: rgb(0,0,0);\n}\n#text-192921338 > * {\n  color: rgb(0,0,0);\n}\n<\/style>\n\t<\/div>\n\t\n<p>El usuario deber\u00e1 respetar en todo momento los t\u00e9rminos y condiciones establecidos por la p\u00e1gina web.<br \/>\nEl usuario utilizar\u00e1 la p\u00e1gina web de forma diligente y asumiendo cualquier responsabilidad que pudiera derivarse al incumplir los t\u00e9rminos y condiciones de la p\u00e1gina web.<br \/>\nEl usuario no podr\u00e1 utilizar la p\u00e1gina web para transmitir, almacenar, divulgar, promover o distribuir datos o contenidos que sean portadores de virus o cualquier otro c\u00f3digo inform\u00e1tico, archivos o programas dise\u00f1ados para interrumpir, destruir o perjudicar el funcionamiento de cualquier programa o equipo inform\u00e1tico o de telecomunicaciones.<\/p>\n\t<div id=\"text-465487366\" class=\"text\">\n\t\t\n\n<h2>Propiedad Industrial e Intelectual<\/h2>\n\t\t\n<style>\n#text-465487366 {\n  color: rgb(0,0,0);\n}\n#text-465487366 > * {\n  color: rgb(0,0,0);\n}\n<\/style>\n\t<\/div>\n\t\n<p>CRISTINA CALL\u00daS BUSQUETS por s\u00ed o como cesionaria, es titular de todos los derechos de propiedad intelectual e industrial de su p\u00e1gina web, as\u00ed como de los elementos contenidos en la misma (a t\u00edtulo enunciativo, im\u00e1genes, sonido, audio, v\u00eddeo, software o textos; marcas o logotipos, combinaciones de colores, estructura y dise\u00f1o, selecci\u00f3n de materiales usados, programas de ordenador necesarios para su funcionamiento, acceso y uso, etc.).<br \/>\nEn virtud de lo dispuesto en los art\u00edculos 8 y 32.1, p\u00e1rrafo segundo, de la Ley de Propiedad Intelectual, quedan expresamente prohibidas la reproducci\u00f3n, la distribuci\u00f3n y la comunicaci\u00f3n p\u00fablica, incluida su modalidad de puesta a disposici\u00f3n, de la totalidad o parte de los contenidos de esta p\u00e1gina web, con fines comerciales, en cualquier soporte y por cualquier medio t\u00e9cnico, sin la autorizaci\u00f3n de CRISTINA CALL\u00daS BUSQUETS .. Todos los derechos reservados.<br \/>\nEl USUARIO se compromete a respetar los derechos de Propiedad Intelectual e Industrial titularidad de CRISTINA CALL\u00daS BUSQUETS .. Podr\u00e1 visualizar los elementos del portal e incluso imprimirlos, copiarlos y almacenarlos en el disco duro de su ordenador o en cualquier otro soporte f\u00edsico siempre y cuando sea, \u00fanica y exclusivamente, para su uso personal y privado. El USUARIO deber\u00e1 abstenerse de suprimir, alterar, eludir o manipular cualquier dispositivo de protecci\u00f3n o sistema de seguridad que estuviera instalado en las p\u00e1ginas de CRISTINA CALL\u00daS BUSQUETS.<\/p>\n\t<div id=\"text-1393681655\" class=\"text\">\n\t\t\n\n<h2>Derecho de exclusi\u00f3n<\/h2>\n\t\t\n<style>\n#text-1393681655 {\n  color: rgb(0,0,0);\n}\n#text-1393681655 > * {\n  color: rgb(0,0,0);\n}\n<\/style>\n\t<\/div>\n\t\n<p>CRISTINA CALL\u00daS BUSQUETS se reserva el derecho a denegar o retirar el acceso a portal y\/o los servicios ofrecidos sin necesidad de preaviso, a instancia propia o de un tercero, a aquellos usuarios que incumplan las Condiciones de Uso del portal.<br \/>\nCRISTINA CALL\u00daS BUSQUETS perseguir\u00e1 el incumplimiento de las Condiciones de Uso del portal, as\u00ed como cualquier utilizaci\u00f3n indebida de su portal ejerciendo todas las acciones civiles y penales que le puedan corresponder en derecho.<\/p>\n\t<div id=\"text-4129257178\" class=\"text\">\n\t\t\n\n<h2>Modificaciones y enlaces<\/h2>\n\t\t\n<style>\n#text-4129257178 {\n  color: rgb(0,0,0);\n}\n#text-4129257178 > * {\n  color: rgb(0,0,0);\n}\n<\/style>\n\t<\/div>\n\t\n<p>CRISTINA CALL\u00daS BUSQUETS se reserva el derecho de efectuar sin previo aviso las modificaciones que considere oportunas en su sitio web, pudiendo cambiar, suprimir o a\u00f1adir tanto los contenidos y servicios que presta como la forma en la que \u00e9stos aparezcan presentados o localizados, as\u00ed como en las Condiciones Generales de Contrataci\u00f3n aqu\u00ed determinadas.<br \/>\nCRISTINA CALL\u00daS BUSQUETS no se responsabiliza del mal uso que se realice de los contenidos de su p\u00e1gina web, siendo exclusiva responsabilidad de la persona que accede a ellos o los utiliza.<br \/>\nEn el caso de que en www.flat101.es se dispusiesen enlaces o hiperv\u00ednculos hac\u00eda otros sitios de Internet, CRISTINA CALL\u00daS BUSQUETS creadora del sitio web no ejercer\u00e1 ning\u00fan tipo de control sobre dichos sitios y contenidos. En ning\u00fan caso CRISTINA CALL\u00daS BUSQUETS creadora del sitio web asumir\u00e1 responsabilidad alguna por los contenidos de alg\u00fan enlace perteneciente a un sitio web ajeno, ni garantizar\u00e1 la disponibilidad t\u00e9cnica, calidad, fiabilidad, exactitud, amplitud, veracidad, validez y constitucionalidad de cualquier material o informaci\u00f3n contenida en ninguno de dichos hiperv\u00ednculos u otros sitios de Internet. Igualmente, la inclusi\u00f3n de estas conexiones externas no implicar\u00e1 ning\u00fan tipo de asociaci\u00f3n, fusi\u00f3n o participaci\u00f3n con las entidades conectadas.<\/p>\n\t<div id=\"text-1749216744\" class=\"text\">\n\t\t\n\n<h2>Ley aplicable y jurisdicci\u00f3n competente<\/p>\n\t\t\n<style>\n#text-1749216744 {\n  color: rgb(0,0,0);\n}\n#text-1749216744 > * {\n  color: rgb(0,0,0);\n}\n<\/style>\n\t<\/div>\n\t\n<p>Las condiciones de uso de la P\u00e1gina Web contenidas en este Aviso Legal, as\u00ed como las relaciones entre el usuario y CRISTINA CALL\u00daS BUSQUETS ., se regir\u00e1n e interpretar\u00e1n de acuerdo con las leyes espa\u00f1olas. Para la soluci\u00f3n de cualquier conflicto que pudiera suscitarse, el usuario y CRISTINA CALL\u00daS BUSQUETS se someten expresamente a la competencia y jurisdicci\u00f3n de los juzgados y tribunales de la ciudad de BARCELONA, renunciando expresamente a cualquier otro fuero que pudiese corresponderles.<\/p>\n\n\t\t<\/div>\n\n\t\t\n<style>\n#section_1507075383 {\n  padding-top: 30px;\n  padding-bottom: 30px;\n}\n<\/style>\n\t<\/section>\n\t\n\n","protected":false},"excerpt":{"rendered":"","protected":false},"author":2,"featured_media":0,"parent":0,"menu_order":300,"comment_status":"closed","ping_status":"closed","template":"","meta":{"footnotes":""},"class_list":["post-304","page","type-page","status-publish","hentry"],"yoast_head":"<!-- This site is optimized with the Yoast SEO plugin v27.1.1 - https:\/\/yoast.com\/product\/yoast-seo-wordpress\/ -->\n<title>Aviso legal - The digital searchers<\/title>\n<meta name=\"robots\" content=\"noindex, nofollow\" \/>\n<meta property=\"og:locale\" content=\"es_ES\" \/>\n<meta property=\"og:type\" content=\"article\" \/>\n<meta property=\"og:title\" content=\"Aviso legal - The digital searchers\" \/>\n<meta property=\"og:url\" content=\"https:\/\/thedigitalsearchers.com\/es\/aviso-legal\/\" \/>\n<meta property=\"og:site_name\" content=\"The digital searchers\" \/>\n<meta property=\"article:modified_time\" content=\"2024-01-19T10:49:25+00:00\" \/>\n<meta name=\"twitter:card\" content=\"summary_large_image\" \/>\n<meta name=\"twitter:label1\" content=\"Tiempo de lectura\" \/>\n\t<meta name=\"twitter:data1\" content=\"5 minutos\" \/>\n<script type=\"application\/ld+json\" class=\"yoast-schema-graph\">{\"@context\":\"https:\/\/schema.org\",\"@graph\":[{\"@type\":\"WebPage\",\"@id\":\"https:\/\/thedigitalsearchers.com\/es\/aviso-legal\/\",\"url\":\"https:\/\/thedigitalsearchers.com\/es\/aviso-legal\/\",\"name\":\"Aviso legal - The digital searchers\",\"isPartOf\":{\"@id\":\"https:\/\/thedigitalsearchers.com\/es\/#website\"},\"datePublished\":\"2024-01-12T18:20:28+00:00\",\"dateModified\":\"2024-01-19T10:49:25+00:00\",\"breadcrumb\":{\"@id\":\"https:\/\/thedigitalsearchers.com\/es\/aviso-legal\/#breadcrumb\"},\"inLanguage\":\"es\",\"potentialAction\":[{\"@type\":\"ReadAction\",\"target\":[\"https:\/\/thedigitalsearchers.com\/es\/aviso-legal\/\"]}]},{\"@type\":\"BreadcrumbList\",\"@id\":\"https:\/\/thedigitalsearchers.com\/es\/aviso-legal\/#breadcrumb\",\"itemListElement\":[{\"@type\":\"ListItem\",\"position\":1,\"name\":\"Home\",\"item\":\"https:\/\/thedigitalsearchers.com\/es\/\"},{\"@type\":\"ListItem\",\"position\":2,\"name\":\"Aviso legal\"}]},{\"@type\":\"WebSite\",\"@id\":\"https:\/\/thedigitalsearchers.com\/es\/#website\",\"url\":\"https:\/\/thedigitalsearchers.com\/es\/\",\"name\":\"The digital searchers\",\"description\":\"\",\"potentialAction\":[{\"@type\":\"SearchAction\",\"target\":{\"@type\":\"EntryPoint\",\"urlTemplate\":\"https:\/\/thedigitalsearchers.com\/es\/?s={search_term_string}\"},\"query-input\":{\"@type\":\"PropertyValueSpecification\",\"valueRequired\":true,\"valueName\":\"search_term_string\"}}],\"inLanguage\":\"es\"}]}<\/script>\n<!-- \/ Yoast SEO plugin. -->","yoast_head_json":{"title":"Aviso legal - The digital searchers","robots":{"index":"noindex","follow":"nofollow"},"og_locale":"es_ES","og_type":"article","og_title":"Aviso legal - The digital searchers","og_url":"https:\/\/thedigitalsearchers.com\/es\/aviso-legal\/","og_site_name":"The digital searchers","article_modified_time":"2024-01-19T10:49:25+00:00","twitter_card":"summary_large_image","twitter_misc":{"Tiempo de lectura":"5 minutos"},"schema":{"@context":"https:\/\/schema.org","@graph":[{"@type":"WebPage","@id":"https:\/\/thedigitalsearchers.com\/es\/aviso-legal\/","url":"https:\/\/thedigitalsearchers.com\/es\/aviso-legal\/","name":"Aviso legal - The digital searchers","isPartOf":{"@id":"https:\/\/thedigitalsearchers.com\/es\/#website"},"datePublished":"2024-01-12T18:20:28+00:00","dateModified":"2024-01-19T10:49:25+00:00","breadcrumb":{"@id":"https:\/\/thedigitalsearchers.com\/es\/aviso-legal\/#breadcrumb"},"inLanguage":"es","potentialAction":[{"@type":"ReadAction","target":["https:\/\/thedigitalsearchers.com\/es\/aviso-legal\/"]}]},{"@type":"BreadcrumbList","@id":"https:\/\/thedigitalsearchers.com\/es\/aviso-legal\/#breadcrumb","itemListElement":[{"@type":"ListItem","position":1,"name":"Home","item":"https:\/\/thedigitalsearchers.com\/es\/"},{"@type":"ListItem","position":2,"name":"Aviso legal"}]},{"@type":"WebSite","@id":"https:\/\/thedigitalsearchers.com\/es\/#website","url":"https:\/\/thedigitalsearchers.com\/es\/","name":"The digital searchers","description":"","potentialAction":[{"@type":"SearchAction","target":{"@type":"EntryPoint","urlTemplate":"https:\/\/thedigitalsearchers.com\/es\/?s={search_term_string}"},"query-input":{"@type":"PropertyValueSpecification","valueRequired":true,"valueName":"search_term_string"}}],"inLanguage":"es"}]}},"_links":{"self":[{"href":"https:\/\/thedigitalsearchers.com\/es\/wp-json\/wp\/v2\/pages\/304","targetHints":{"allow":["GET"]}}],"collection":[{"href":"https:\/\/thedigitalsearchers.com\/es\/wp-json\/wp\/v2\/pages"}],"about":[{"href":"https:\/\/thedigitalsearchers.com\/es\/wp-json\/wp\/v2\/types\/page"}],"author":[{"embeddable":true,"href":"https:\/\/thedigitalsearchers.com\/es\/wp-json\/wp\/v2\/users\/2"}],"replies":[{"embeddable":true,"href":"https:\/\/thedigitalsearchers.com\/es\/wp-json\/wp\/v2\/comments?post=304"}],"version-history":[{"count":0,"href":"https:\/\/thedigitalsearchers.com\/es\/wp-json\/wp\/v2\/pages\/304\/revisions"}],"wp:attachment":[{"href":"https:\/\/thedigitalsearchers.com\/es\/wp-json\/wp\/v2\/media?parent=304"}],"curies":[{"name":"wp","href":"https:\/\/api.w.org\/{rel}","templated":true}]}}