{"id":399,"date":"2024-01-17T13:02:59","date_gmt":"2024-01-17T13:02:59","guid":{"rendered":"https:\/\/thedigitalsearchers.com\/cookie-policy-eu\/"},"modified":"2024-01-19T10:49:17","modified_gmt":"2024-01-19T10:49:17","slug":"politica-cookies","status":"publish","type":"page","link":"https:\/\/thedigitalsearchers.com\/es\/politica-cookies\/","title":{"rendered":"Pol\u00edtica de cookies"},"content":{"rendered":"La regi\u00f3n EU no est\u00e1 activada para cookie-statement.","protected":false},"excerpt":{"rendered":"","protected":false},"author":2,"featured_media":0,"parent":0,"menu_order":300,"comment_status":"closed","ping_status":"closed","template":"","meta":{"footnotes":""},"class_list":["post-399","page","type-page","status-publish","hentry"],"yoast_head":"<!-- This site is optimized with the Yoast SEO plugin v27.1.1 - https:\/\/yoast.com\/product\/yoast-seo-wordpress\/ -->\n<title>Pol\u00edtica de cookies - The digital searchers<\/title>\n<meta name=\"robots\" content=\"noindex, nofollow\" \/>\n<meta property=\"og:locale\" content=\"es_ES\" \/>\n<meta property=\"og:type\" content=\"article\" \/>\n<meta property=\"og:title\" content=\"Pol\u00edtica de cookies - The digital searchers\" \/>\n<meta property=\"og:url\" content=\"https:\/\/thedigitalsearchers.com\/es\/politica-cookies\/\" \/>\n<meta property=\"og:site_name\" content=\"The digital searchers\" \/>\n<meta property=\"article:modified_time\" content=\"2024-01-19T10:49:17+00:00\" \/>\n<meta name=\"twitter:card\" content=\"summary_large_image\" \/>\n<script type=\"application\/ld+json\" class=\"yoast-schema-graph\">{\"@context\":\"https:\/\/schema.org\",\"@graph\":[{\"@type\":\"WebPage\",\"@id\":\"https:\/\/thedigitalsearchers.com\/es\/politica-cookies\/\",\"url\":\"https:\/\/thedigitalsearchers.com\/es\/politica-cookies\/\",\"name\":\"Pol\u00edtica de cookies - The digital searchers\",\"isPartOf\":{\"@id\":\"https:\/\/thedigitalsearchers.com\/es\/#website\"},\"datePublished\":\"2024-01-17T13:02:59+00:00\",\"dateModified\":\"2024-01-19T10:49:17+00:00\",\"breadcrumb\":{\"@id\":\"https:\/\/thedigitalsearchers.com\/es\/politica-cookies\/#breadcrumb\"},\"inLanguage\":\"es\",\"potentialAction\":[{\"@type\":\"ReadAction\",\"target\":[\"https:\/\/thedigitalsearchers.com\/es\/politica-cookies\/\"]}]},{\"@type\":\"BreadcrumbList\",\"@id\":\"https:\/\/thedigitalsearchers.com\/es\/politica-cookies\/#breadcrumb\",\"itemListElement\":[{\"@type\":\"ListItem\",\"position\":1,\"name\":\"Home\",\"item\":\"https:\/\/thedigitalsearchers.com\/es\/\"},{\"@type\":\"ListItem\",\"position\":2,\"name\":\"Pol\u00edtica de cookies\"}]},{\"@type\":\"WebSite\",\"@id\":\"https:\/\/thedigitalsearchers.com\/es\/#website\",\"url\":\"https:\/\/thedigitalsearchers.com\/es\/\",\"name\":\"The digital searchers\",\"description\":\"\",\"potentialAction\":[{\"@type\":\"SearchAction\",\"target\":{\"@type\":\"EntryPoint\",\"urlTemplate\":\"https:\/\/thedigitalsearchers.com\/es\/?s={search_term_string}\"},\"query-input\":{\"@type\":\"PropertyValueSpecification\",\"valueRequired\":true,\"valueName\":\"search_term_string\"}}],\"inLanguage\":\"es\"}]}<\/script>\n<!-- \/ Yoast SEO plugin. -->","yoast_head_json":{"title":"Pol\u00edtica de cookies - The digital searchers","robots":{"index":"noindex","follow":"nofollow"},"og_locale":"es_ES","og_type":"article","og_title":"Pol\u00edtica de cookies - The digital searchers","og_url":"https:\/\/thedigitalsearchers.com\/es\/politica-cookies\/","og_site_name":"The digital searchers","article_modified_time":"2024-01-19T10:49:17+00:00","twitter_card":"summary_large_image","schema":{"@context":"https:\/\/schema.org","@graph":[{"@type":"WebPage","@id":"https:\/\/thedigitalsearchers.com\/es\/politica-cookies\/","url":"https:\/\/thedigitalsearchers.com\/es\/politica-cookies\/","name":"Pol\u00edtica de cookies - The digital searchers","isPartOf":{"@id":"https:\/\/thedigitalsearchers.com\/es\/#website"},"datePublished":"2024-01-17T13:02:59+00:00","dateModified":"2024-01-19T10:49:17+00:00","breadcrumb":{"@id":"https:\/\/thedigitalsearchers.com\/es\/politica-cookies\/#breadcrumb"},"inLanguage":"es","potentialAction":[{"@type":"ReadAction","target":["https:\/\/thedigitalsearchers.com\/es\/politica-cookies\/"]}]},{"@type":"BreadcrumbList","@id":"https:\/\/thedigitalsearchers.com\/es\/politica-cookies\/#breadcrumb","itemListElement":[{"@type":"ListItem","position":1,"name":"Home","item":"https:\/\/thedigitalsearchers.com\/es\/"},{"@type":"ListItem","position":2,"name":"Pol\u00edtica de cookies"}]},{"@type":"WebSite","@id":"https:\/\/thedigitalsearchers.com\/es\/#website","url":"https:\/\/thedigitalsearchers.com\/es\/","name":"The digital searchers","description":"","potentialAction":[{"@type":"SearchAction","target":{"@type":"EntryPoint","urlTemplate":"https:\/\/thedigitalsearchers.com\/es\/?s={search_term_string}"},"query-input":{"@type":"PropertyValueSpecification","valueRequired":true,"valueName":"search_term_string"}}],"inLanguage":"es"}]}},"_links":{"self":[{"href":"https:\/\/thedigitalsearchers.com\/es\/wp-json\/wp\/v2\/pages\/399","targetHints":{"allow":["GET"]}}],"collection":[{"href":"https:\/\/thedigitalsearchers.com\/es\/wp-json\/wp\/v2\/pages"}],"about":[{"href":"https:\/\/thedigitalsearchers.com\/es\/wp-json\/wp\/v2\/types\/page"}],"author":[{"embeddable":true,"href":"https:\/\/thedigitalsearchers.com\/es\/wp-json\/wp\/v2\/users\/2"}],"replies":[{"embeddable":true,"href":"https:\/\/thedigitalsearchers.com\/es\/wp-json\/wp\/v2\/comments?post=399"}],"version-history":[{"count":0,"href":"https:\/\/thedigitalsearchers.com\/es\/wp-json\/wp\/v2\/pages\/399\/revisions"}],"wp:attachment":[{"href":"https:\/\/thedigitalsearchers.com\/es\/wp-json\/wp\/v2\/media?parent=399"}],"curies":[{"name":"wp","href":"https:\/\/api.w.org\/{rel}","templated":true}]}}